{"id":2579,"date":"2021-04-25T12:02:17","date_gmt":"2021-04-25T10:02:17","guid":{"rendered":"http:\/\/www.wrmech.cz\/?page_id=2579"},"modified":"2021-05-06T09:22:17","modified_gmt":"2021-05-06T07:22:17","slug":"technicke-navrhy","status":"publish","type":"page","link":"https:\/\/www.wrmech.cz\/en\/technicke-navrhy\/","title":{"rendered":"Technical design"},"content":{"rendered":"<div data-elementor-type=\"wp-page\" data-elementor-id=\"2579\" class=\"elementor elementor-2579\" data-elementor-settings=\"[]\">\n\t\t\t\t\t\t\t<div class=\"elementor-section-wrap\">\n\t\t\t\t\t\t\t<section class=\"elementor-section elementor-top-section elementor-element elementor-element-4d82a70 elementor-section-boxed elementor-section-height-default elementor-section-height-default\" data-id=\"4d82a70\" data-element_type=\"section\">\n\t\t\t\t\t\t<div class=\"elementor-container elementor-column-gap-default\">\n\t\t\t\t\t<div class=\"elementor-column elementor-col-100 elementor-top-column elementor-element elementor-element-b05dcd0\" data-id=\"b05dcd0\" data-element_type=\"column\">\n\t\t\t<div class=\"elementor-widget-wrap elementor-element-populated\">\n\t\t\t\t\t\t\t\t<div class=\"elementor-element elementor-element-1fe6cfc elementor-widget elementor-widget-heading\" data-id=\"1fe6cfc\" data-element_type=\"widget\" data-widget_type=\"heading.default\">\n\t\t\t\t<div class=\"elementor-widget-container\">\n\t\t\t<h4 class=\"elementor-heading-title elementor-size-default\">Elaboration of technical designs and construction solutions of machines and equipment.\n<\/h4>\t\t<\/div>\n\t\t\t\t<\/div>\n\t\t\t\t<div class=\"elementor-element elementor-element-f75c5eb elementor-widget elementor-widget-text-editor\" data-id=\"f75c5eb\" data-element_type=\"widget\" data-widget_type=\"text-editor.default\">\n\t\t\t\t<div class=\"elementor-widget-container\">\n\t\t\t\t\t\t\t\t<ul><li>Sealing systems. <\/li><li>Parts of production equipment.<\/li><\/ul>\t\t\t\t\t\t<\/div>\n\t\t\t\t<\/div>\n\t\t\t\t\t<\/div>\n\t\t<\/div>\n\t\t\t\t\t\t\t<\/div>\n\t\t<\/section>\n\t\t\t\t<section class=\"elementor-section elementor-top-section elementor-element elementor-element-12ec6e7 elementor-section-boxed elementor-section-height-default elementor-section-height-default\" data-id=\"12ec6e7\" data-element_type=\"section\">\n\t\t\t\t\t\t<div class=\"elementor-container elementor-column-gap-default\">\n\t\t\t\t\t<div class=\"elementor-column elementor-col-100 elementor-top-column elementor-element elementor-element-72801e2\" data-id=\"72801e2\" data-element_type=\"column\">\n\t\t\t<div class=\"elementor-widget-wrap elementor-element-populated\">\n\t\t\t\t\t\t\t\t<div class=\"elementor-element elementor-element-1a8d797 elementor-widget elementor-widget-image-gallery\" data-id=\"1a8d797\" data-element_type=\"widget\" data-widget_type=\"image-gallery.default\">\n\t\t\t\t<div class=\"elementor-widget-container\">\n\t\t\t\t\t<div class=\"elementor-image-gallery\">\n\t\t\t<div id='gallery-1' class='gallery galleryid-2579 gallery-columns-4 gallery-size-thumbnail'><figure class='gallery-item'>\n\t\t\t<div class='gallery-icon portrait'>\n\t\t\t\t<a data-elementor-open-lightbox=\"yes\" data-elementor-lightbox-slideshow=\"1a8d797\" data-elementor-lightbox-title=\"OLYMPUS DIGITAL CAMERA\" href='https:\/\/www.wrmech.cz\/wp-content\/uploads\/2021\/05\/P4030214-2-scaled.jpg'><img width=\"150\" height=\"150\" src=\"https:\/\/www.wrmech.cz\/wp-content\/uploads\/2021\/05\/P4030214-2-150x150.jpg\" class=\"attachment-thumbnail size-thumbnail\" alt=\"\" loading=\"lazy\" \/><\/a>\n\t\t\t<\/div><\/figure><figure class='gallery-item'>\n\t\t\t<div class='gallery-icon landscape'>\n\t\t\t\t<a data-elementor-open-lightbox=\"yes\" data-elementor-lightbox-slideshow=\"1a8d797\" data-elementor-lightbox-title=\"2011-01-27 07.35.49\" href='https:\/\/www.wrmech.cz\/wp-content\/uploads\/2021\/05\/2011-01-27-07.35.49.jpg'><img width=\"150\" height=\"150\" src=\"https:\/\/www.wrmech.cz\/wp-content\/uploads\/2021\/05\/2011-01-27-07.35.49-150x150.jpg\" class=\"attachment-thumbnail size-thumbnail\" alt=\"\" loading=\"lazy\" \/><\/a>\n\t\t\t<\/div><\/figure><figure class='gallery-item'>\n\t\t\t<div class='gallery-icon landscape'>\n\t\t\t\t<a data-elementor-open-lightbox=\"yes\" data-elementor-lightbox-slideshow=\"1a8d797\" data-elementor-lightbox-title=\"2011-01-27 08.03.17\" href='https:\/\/www.wrmech.cz\/wp-content\/uploads\/2021\/05\/2011-01-27-08.03.17.jpg'><img width=\"150\" height=\"150\" src=\"https:\/\/www.wrmech.cz\/wp-content\/uploads\/2021\/05\/2011-01-27-08.03.17-150x150.jpg\" class=\"attachment-thumbnail size-thumbnail\" alt=\"\" loading=\"lazy\" \/><\/a>\n\t\t\t<\/div><\/figure><figure class='gallery-item'>\n\t\t\t<div class='gallery-icon landscape'>\n\t\t\t\t<a data-elementor-open-lightbox=\"yes\" data-elementor-lightbox-slideshow=\"1a8d797\" data-elementor-lightbox-title=\"2011-02-17 14.48.50\" href='https:\/\/www.wrmech.cz\/wp-content\/uploads\/2021\/05\/2011-02-17-14.48.50.jpg'><img width=\"150\" height=\"150\" src=\"https:\/\/www.wrmech.cz\/wp-content\/uploads\/2021\/05\/2011-02-17-14.48.50-150x150.jpg\" class=\"attachment-thumbnail size-thumbnail\" alt=\"\" loading=\"lazy\" \/><\/a>\n\t\t\t<\/div><\/figure><figure class='gallery-item'>\n\t\t\t<div class='gallery-icon portrait'>\n\t\t\t\t<a data-elementor-open-lightbox=\"yes\" data-elementor-lightbox-slideshow=\"1a8d797\" data-elementor-lightbox-title=\"08102008026\" href='https:\/\/www.wrmech.cz\/wp-content\/uploads\/2021\/05\/08102008026-scaled.jpg'><img width=\"150\" height=\"150\" src=\"https:\/\/www.wrmech.cz\/wp-content\/uploads\/2021\/05\/08102008026-150x150.jpg\" class=\"attachment-thumbnail size-thumbnail\" alt=\"\" loading=\"lazy\" \/><\/a>\n\t\t\t<\/div><\/figure><figure class='gallery-item'>\n\t\t\t<div class='gallery-icon portrait'>\n\t\t\t\t<a data-elementor-open-lightbox=\"yes\" data-elementor-lightbox-slideshow=\"1a8d797\" data-elementor-lightbox-title=\"10112008041\" href='https:\/\/www.wrmech.cz\/wp-content\/uploads\/2021\/05\/10112008041-scaled.jpg'><img width=\"150\" height=\"150\" src=\"https:\/\/www.wrmech.cz\/wp-content\/uploads\/2021\/05\/10112008041-150x150.jpg\" class=\"attachment-thumbnail size-thumbnail\" alt=\"\" loading=\"lazy\" \/><\/a>\n\t\t\t<\/div><\/figure>\n\t\t<\/div>\n\t\t<\/div>\n\t\t\t\t<\/div>\n\t\t\t\t<\/div>\n\t\t\t\t\t<\/div>\n\t\t<\/div>\n\t\t\t\t\t\t\t<\/div>\n\t\t<\/section>\n\t\t\t\t\t\t<\/div>\n\t\t\t\t\t<\/div>","protected":false},"excerpt":{"rendered":"<p>Vypracov\u00e1n\u00ed technick\u00fdch n\u00e1vrh\u016f a konstruk\u010dn\u00edch \u0159e\u0161en\u00ed stroj\u016f a za\u0159\u00edzen\u00ed. T\u011bsn\u00edc\u00edch syst\u00e9m\u016f. \u010c\u00e1st\u00ed v\u00fdrobn\u00edch za\u0159\u00edzen\u00ed.<\/p>","protected":false},"author":1,"featured_media":0,"parent":0,"menu_order":0,"comment_status":"closed","ping_status":"closed","template":"","meta":[],"folder":[],"_links":{"self":[{"href":"https:\/\/www.wrmech.cz\/en\/wp-json\/wp\/v2\/pages\/2579"}],"collection":[{"href":"https:\/\/www.wrmech.cz\/en\/wp-json\/wp\/v2\/pages"}],"about":[{"href":"https:\/\/www.wrmech.cz\/en\/wp-json\/wp\/v2\/types\/page"}],"author":[{"embeddable":true,"href":"https:\/\/www.wrmech.cz\/en\/wp-json\/wp\/v2\/users\/1"}],"replies":[{"embeddable":true,"href":"https:\/\/www.wrmech.cz\/en\/wp-json\/wp\/v2\/comments?post=2579"}],"version-history":[{"count":10,"href":"https:\/\/www.wrmech.cz\/en\/wp-json\/wp\/v2\/pages\/2579\/revisions"}],"predecessor-version":[{"id":2660,"href":"https:\/\/www.wrmech.cz\/en\/wp-json\/wp\/v2\/pages\/2579\/revisions\/2660"}],"wp:attachment":[{"href":"https:\/\/www.wrmech.cz\/en\/wp-json\/wp\/v2\/media?parent=2579"}],"wp:term":[{"taxonomy":"folder","embeddable":true,"href":"https:\/\/www.wrmech.cz\/en\/wp-json\/wp\/v2\/folder?post=2579"}],"curies":[{"name":"wp","href":"https:\/\/api.w.org\/{rel}","templated":true}]}}