{"id":2296,"date":"2021-04-12T13:06:11","date_gmt":"2021-04-12T11:06:11","guid":{"rendered":"http:\/\/www.wrmech.cz\/?page_id=2296"},"modified":"2021-04-12T13:10:11","modified_gmt":"2021-04-12T11:10:11","slug":"hydrody-cerp-rena","status":"publish","type":"page","link":"https:\/\/www.wrmech.cz\/en\/hydrody-cerp-rena\/","title":{"rendered":"Hydrodynamick\u00e1 \u010derpadla RENA"},"content":{"rendered":"<div data-elementor-type=\"wp-page\" data-elementor-id=\"2296\" class=\"elementor elementor-2296\" data-elementor-settings=\"[]\">\n\t\t\t\t\t\t\t<div class=\"elementor-section-wrap\">\n\t\t\t\t\t\t\t<section class=\"elementor-section elementor-top-section elementor-element elementor-element-de960ce elementor-section-boxed elementor-section-height-default elementor-section-height-default\" data-id=\"de960ce\" data-element_type=\"section\">\n\t\t\t\t\t\t<div class=\"elementor-container elementor-column-gap-default\">\n\t\t\t\t\t<div class=\"elementor-column elementor-col-100 elementor-top-column elementor-element elementor-element-53c49c3\" data-id=\"53c49c3\" data-element_type=\"column\">\n\t\t\t<div class=\"elementor-widget-wrap elementor-element-populated\">\n\t\t\t\t\t\t\t\t<div class=\"elementor-element elementor-element-2ceda9b elementor-widget elementor-widget-heading\" data-id=\"2ceda9b\" data-element_type=\"widget\" data-widget_type=\"heading.default\">\n\t\t\t\t<div class=\"elementor-widget-container\">\n\t\t\t<h2 class=\"elementor-heading-title elementor-size-default\">Hydrodynamick\u00e1 \u010derpadla - horizont\u00e1ln\u00ed spir\u00e1ln\u00ed<\/h2>\t\t<\/div>\n\t\t\t\t<\/div>\n\t\t\t\t\t<\/div>\n\t\t<\/div>\n\t\t\t\t\t\t\t<\/div>\n\t\t<\/section>\n\t\t\t\t<section class=\"elementor-section elementor-top-section elementor-element elementor-element-917a379 elementor-section-boxed elementor-section-height-default elementor-section-height-default\" data-id=\"917a379\" data-element_type=\"section\">\n\t\t\t\t\t\t<div class=\"elementor-container elementor-column-gap-default\">\n\t\t\t\t\t<div class=\"elementor-column elementor-col-100 elementor-top-column elementor-element elementor-element-c999cb8\" data-id=\"c999cb8\" data-element_type=\"column\">\n\t\t\t<div class=\"elementor-widget-wrap elementor-element-populated\">\n\t\t\t\t\t\t\t\t<div class=\"elementor-element elementor-element-6eac7f6 elementor-widget elementor-widget-text-editor\" data-id=\"6eac7f6\" data-element_type=\"widget\" data-widget_type=\"text-editor.default\">\n\t\t\t\t<div class=\"elementor-widget-container\">\n\t\t\t\t\t\t\t\t<h4>RENA<\/h4><h6>Oblast pou\u017eit\u00ed<\/h6><p>Tato nov\u00e1 \u0159ada odst\u0159ediv\u00e9ho \u010derpadla 3. generace je vyrobena v souladu s normou DIN 24255. Jejich vyu\u017eit\u00ed je jednak pro \u010derp\u00e1n\u00ed vody v soukrom\u00e9m tak i v pr\u016fmyslov\u00e9m sektoru, p\u0159i zavla\u017eov\u00e1n\u00ed, topen\u00ed a klimatizaci, tlakov\u00e1n\u00ed, v po\u017e\u00e1rn\u00edch \u010di myc\u00edch syst\u00e9mech, v chlad\u00edc\u00edch v\u011b\u017e\u00edch.<\/p><h6>Konstruk\u010dn\u00ed proveden\u00ed<\/h6><p>Nerezocelov\u00e1 konstrukce -&gt; v\u00fdsledkem je nepatrn\u00e1 v\u00e1ha, vysok\u00e1 odolnost proti korozi a dlouh\u00e1 \u017eivotnost.<\/p><ul><li>Vysok\u00fd v\u00fdkon, vysok\u00e1 \u00fa\u010dinnost a tich\u00fd provoz je zaji\u0161t\u011bn spir\u00e1lov\u00fdm t\u011blesem a hladk\u00fdmi vnit\u0159n\u00edmi st\u011bnami.<\/li><li>Pr\u016fm\u011br h\u0159\u00eddele je 19 mm.<\/li><li>Kulov\u00fd tvar spir\u00e1lov\u00e9ho t\u011blesa dovoluje vysok\u00fd vnit\u0159n\u00ed tlak v \u010derpadle a lehkou konstrukci.<\/li><li>V\u00fdtlak um\u00edst\u011bn\u00fd v osov\u00e9 rovin\u011b a nosn\u00edk p\u0159\u00edruby zabezpe\u010duje maxim\u00e1ln\u00ed odolnost proti deformac\u00edm od potrubn\u00edho syst\u00e9mu b\u011bhem provozu.<\/li><li>Vym\u011bnitelnost, p\u0159ipojen\u00ed podle DIN 24255.<\/li><li>P\u0159i zamrz\u00e1n\u00ed vody v \u010derpadle nedoch\u00e1z\u00ed k jeho po\u0161kozen\u00ed.<\/li><li>Jednoduch\u00e1 konstrukce \u010derpadla umo\u017e\u0148uje lehkou demont\u00e1\u017e a v\u00fdm\u011bnu ob\u011b\u017en\u00e9ho kola, h\u0159\u00eddele, lo\u017eisek a ucp\u00e1vky bez pot\u0159eby demont\u00e1\u017ee t\u011blesa \u010derpadla ze sac\u00edho a v\u00fdtla\u010dn\u00e9ho potrub\u00ed.<\/li><li>V\u0161echny tyto p\u0159ednosti vedou k vy\u0161\u0161\u00ed \u00fa\u010dinnosti provozu a ke zv\u00fd\u0161en\u00ed rozsahu pr\u016ftoku a k ni\u017e\u0161\u00edm provozn\u00edm n\u00e1klad\u016fm.<\/li><\/ul><h6>Materi\u00e1lov\u00e9 proveden\u00ed<\/h6><p>T\u011bleso a h\u0159\u00eddel \u010derpadla, ob\u011b\u017en\u00e9 kolo, v\u00edko t\u011blesa a vypou\u0161t\u011bc\u00ed \u0161roub se dod\u00e1vaj\u00ed v proveden\u00ed z CrNi oceli 1.4301 a odpov\u00eddaj\u00ed norm\u011b DIN 24255.<\/p><h6>Technick\u00e9 parametry<\/h6><p>Maxim\u00e1ln\u00ed teplota dopravovan\u00e9 kapaliny: 110\u00b0C <br \/>Pr\u016ftok \u010derpadla: Q = 1 &#8211; 20 l\/s <br \/>Dopravn\u00ed v\u00fd\u0161ka: H = max. 70 m<\/p><p><img loading=\"lazy\" class=\"size-full wp-image-2298 aligncenter\" src=\"http:\/\/www.wrmech.cz\/wp-content\/uploads\/2021\/04\/3c2f799ee02a459319f8a32324795bba1275311124.jpg\" alt=\"\" width=\"170\" height=\"141\" \/><\/p>\t\t\t\t\t\t<\/div>\n\t\t\t\t<\/div>\n\t\t\t\t\t<\/div>\n\t\t<\/div>\n\t\t\t\t\t\t\t<\/div>\n\t\t<\/section>\n\t\t\t\t\t\t<\/div>\n\t\t\t\t\t<\/div>","protected":false},"excerpt":{"rendered":"<p>Hydrodynamick\u00e1 \u010derpadla &#8211; horizont\u00e1ln\u00ed spir\u00e1ln\u00ed RENA Oblast pou\u017eit\u00ed Tato nov\u00e1 \u0159ada odst\u0159ediv\u00e9ho \u010derpadla 3. generace je vyrobena v souladu s normou DIN 24255. Jejich vyu\u017eit\u00ed je jednak pro \u010derp\u00e1n\u00ed vody v soukrom\u00e9m tak i v pr\u016fmyslov\u00e9m sektoru, p\u0159i zavla\u017eov\u00e1n\u00ed, topen\u00ed a klimatizaci, tlakov\u00e1n\u00ed, v po\u017e\u00e1rn\u00edch \u010di myc\u00edch syst\u00e9mech, v chlad\u00edc\u00edch v\u011b\u017e\u00edch. Konstruk\u010dn\u00ed proveden\u00ed Nerezocelov\u00e1 konstrukce &hellip;<\/p>\n<p class=\"read-more\"> <a class=\"\" href=\"https:\/\/www.wrmech.cz\/en\/hydrody-cerp-rena\/\"> <span class=\"screen-reader-text\">Hydrodynamick\u00e1 \u010derpadla RENA<\/span> Read More &raquo;<\/a><\/p>","protected":false},"author":1,"featured_media":0,"parent":0,"menu_order":0,"comment_status":"closed","ping_status":"closed","template":"","meta":[],"folder":[30],"_links":{"self":[{"href":"https:\/\/www.wrmech.cz\/en\/wp-json\/wp\/v2\/pages\/2296"}],"collection":[{"href":"https:\/\/www.wrmech.cz\/en\/wp-json\/wp\/v2\/pages"}],"about":[{"href":"https:\/\/www.wrmech.cz\/en\/wp-json\/wp\/v2\/types\/page"}],"author":[{"embeddable":true,"href":"https:\/\/www.wrmech.cz\/en\/wp-json\/wp\/v2\/users\/1"}],"replies":[{"embeddable":true,"href":"https:\/\/www.wrmech.cz\/en\/wp-json\/wp\/v2\/comments?post=2296"}],"version-history":[{"count":7,"href":"https:\/\/www.wrmech.cz\/en\/wp-json\/wp\/v2\/pages\/2296\/revisions"}],"predecessor-version":[{"id":2304,"href":"https:\/\/www.wrmech.cz\/en\/wp-json\/wp\/v2\/pages\/2296\/revisions\/2304"}],"wp:attachment":[{"href":"https:\/\/www.wrmech.cz\/en\/wp-json\/wp\/v2\/media?parent=2296"}],"wp:term":[{"taxonomy":"folder","embeddable":true,"href":"https:\/\/www.wrmech.cz\/en\/wp-json\/wp\/v2\/folder?post=2296"}],"curies":[{"name":"wp","href":"https:\/\/api.w.org\/{rel}","templated":true}]}}