{"id":2284,"date":"2021-04-12T13:03:25","date_gmt":"2021-04-12T11:03:25","guid":{"rendered":"http:\/\/www.wrmech.cz\/?page_id=2284"},"modified":"2021-04-12T13:05:34","modified_gmt":"2021-04-12T11:05:34","slug":"hydrody-cerp-qvd","status":"publish","type":"page","link":"https:\/\/www.wrmech.cz\/en\/hydrody-cerp-qvd\/","title":{"rendered":"Hydrodynamick\u00e1 \u010derpadla QVD"},"content":{"rendered":"<div data-elementor-type=\"wp-page\" data-elementor-id=\"2284\" class=\"elementor elementor-2284\" data-elementor-settings=\"[]\">\n\t\t\t\t\t\t\t<div class=\"elementor-section-wrap\">\n\t\t\t\t\t\t\t<section class=\"elementor-section elementor-top-section elementor-element elementor-element-86f4f69 elementor-section-boxed elementor-section-height-default elementor-section-height-default\" data-id=\"86f4f69\" data-element_type=\"section\">\n\t\t\t\t\t\t<div class=\"elementor-container elementor-column-gap-default\">\n\t\t\t\t\t<div class=\"elementor-column elementor-col-100 elementor-top-column elementor-element elementor-element-315c2be\" data-id=\"315c2be\" data-element_type=\"column\">\n\t\t\t<div class=\"elementor-widget-wrap elementor-element-populated\">\n\t\t\t\t\t\t\t\t<div class=\"elementor-element elementor-element-d60e650 elementor-widget elementor-widget-heading\" data-id=\"d60e650\" data-element_type=\"widget\" data-widget_type=\"heading.default\">\n\t\t\t\t<div class=\"elementor-widget-container\">\n\t\t\t<h2 class=\"elementor-heading-title elementor-size-default\">Hydrodynamick\u00e1 \u010derpadla - horizont\u00e1ln\u00ed spir\u00e1ln\u00ed<\/h2>\t\t<\/div>\n\t\t\t\t<\/div>\n\t\t\t\t\t<\/div>\n\t\t<\/div>\n\t\t\t\t\t\t\t<\/div>\n\t\t<\/section>\n\t\t\t\t<section class=\"elementor-section elementor-top-section elementor-element elementor-element-fc72a02 elementor-section-boxed elementor-section-height-default elementor-section-height-default\" data-id=\"fc72a02\" data-element_type=\"section\">\n\t\t\t\t\t\t<div class=\"elementor-container elementor-column-gap-default\">\n\t\t\t\t\t<div class=\"elementor-column elementor-col-100 elementor-top-column elementor-element elementor-element-0e0fc4b\" data-id=\"0e0fc4b\" data-element_type=\"column\">\n\t\t\t<div class=\"elementor-widget-wrap elementor-element-populated\">\n\t\t\t\t\t\t\t\t<div class=\"elementor-element elementor-element-daa3a8c elementor-widget elementor-widget-text-editor\" data-id=\"daa3a8c\" data-element_type=\"widget\" data-widget_type=\"text-editor.default\">\n\t\t\t\t<div class=\"elementor-widget-container\">\n\t\t\t\t\t\t\t\t<h4>QVD<\/h4><h6>Oblast pou\u017eit\u00ed<\/h6><p>Hlavn\u00ed a pomocn\u00e9 vod\u00e1rensk\u00e9 stanice, posilovac\u00ed stanice ke zv\u00fd\u0161en\u00ed tlaku ve vodovodn\u00edch s\u00edt\u00edch, vodn\u00ed hospod\u00e1\u0159stv\u00ed r\u016fzn\u00fdch pr\u016fmyslov\u00fdch obor\u016f, p\u0159e\u010derp\u00e1vac\u00ed, cirkula\u010dn\u00ed a chlad\u00edc\u00ed stanice, zem\u011bd\u011blstv\u00ed &#8211; \u010derpac\u00ed stanice ve velkoplo\u0161n\u00fdch z\u00e1vlahov\u00fdch soustav\u00e1ch.<\/p><h6>Konstruk\u010dn\u00ed proveden\u00ed<\/h6><p>Konstrukce \u010derpadla QVD je horizont\u00e1ln\u011b d\u011blen\u00e1. T\u011bleso \u010derpadla, kter\u00e9 je d\u011blen\u00e9 v\u00a0rovin\u011b pod\u00e9ln\u00e9 osy m\u00e1 dvojitou spir\u00e1lu.Na spodn\u00ed polovin\u011b t\u011blesa v\u00a0jeho st\u0159edu jsou vodorovn\u011b uspo\u0159\u00e1d\u00e1na ob\u011b hrdla \u010derpadla, co\u017e umo\u017e\u0148uje situovat potrub\u00ed nad \u00farovn\u00ed z\u00e1kladu. Ob\u011b\u017en\u00e9 kolo je soum\u011brn\u00e9ho proveden\u00ed s\u00a0oboustrann\u00fdm axi\u00e1ln\u00edm vstupem vody a ut\u011bsn\u011bno je v\u016f\u010di t\u011blesu \u010derpadla t\u011bsn\u00edc\u00edmi kruhy. Rotor je ulo\u017een na obou stran\u00e1ch ve valiv\u00fdch lo\u017eisk\u00e1ch. Lo\u017eiskov\u00e1 t\u011blesa jsou ve spodn\u00ed \u010d\u00e1sti vybavena teplom\u011brn\u00fdmi j\u00edmkami pro mo\u017enost d\u00e1lkov\u00e9ho m\u011b\u0159en\u00ed teploty lo\u017eisek.<\/p><h6>Materi\u00e1ly<\/h6><p>Standardn\u00ed proveden\u00ed LU, ve kter\u00e9m jsou hlavn\u00ed d\u00edly \u010derpadla z\u00a0materi\u00e1l\u016f:<\/p><ul><li>spir\u00e1ln\u00ed t\u011bleso se \u0161krt\u00edc\u00edmi pouzdry a lo\u017eiskov\u00e1 t\u011blesa z kvalitn\u00ed litiny<\/li><li>ob\u011b\u017en\u00e9 kolo s t\u011bsn\u00edc\u00edmi kruhy a h\u0159\u00eddelov\u00e1 pouzdra z chromov\u00e9 oceli<\/li><li>t\u011bsn\u00edc\u00ed kruhy t\u011blesa ze \u0161ed\u00e9 litiny<\/li><li>h\u0159\u00eddel ze zu\u0161lecht\u011bn\u00e9 uhl\u00edkov\u00e9 oceli<\/li><\/ul><h6>Ucp\u00e1vky<\/h6><p>\u010cerpadlo je oboustrann\u011b ut\u011bsn\u011bno h\u0159\u00eddelov\u00fdmi ucp\u00e1vkami s\u00a0m\u011bkk\u00fdm provazcov\u00fdm t\u011bsn\u011bn\u00edm.<\/p><h6>Technick\u00e9 parametry<\/h6><p>Maxim\u00e1ln\u00ed teplota dopravovan\u00e9 kapaliny: 60 st.C<br \/>Pr\u016ftok \u010derpadla: 13 &#8211; 2300 l\/s<br \/>Dopravn\u00ed v\u00fd\u0161ka: 7 &#8211; 150 m<\/p><p><img loading=\"lazy\" class=\"size-full wp-image-2289 aligncenter\" src=\"http:\/\/www.wrmech.cz\/wp-content\/uploads\/2021\/04\/9f25da3c0b85287e11c4e4165858a1ec1275311285.jpg\" alt=\"\" width=\"160\" height=\"150\" \/><\/p>\t\t\t\t\t\t<\/div>\n\t\t\t\t<\/div>\n\t\t\t\t\t<\/div>\n\t\t<\/div>\n\t\t\t\t\t\t\t<\/div>\n\t\t<\/section>\n\t\t\t\t\t\t<\/div>\n\t\t\t\t\t<\/div>","protected":false},"excerpt":{"rendered":"<p>Hydrodynamick\u00e1 \u010derpadla &#8211; horizont\u00e1ln\u00ed spir\u00e1ln\u00ed QVD Oblast pou\u017eit\u00ed Hlavn\u00ed a pomocn\u00e9 vod\u00e1rensk\u00e9 stanice, posilovac\u00ed stanice ke zv\u00fd\u0161en\u00ed tlaku ve vodovodn\u00edch s\u00edt\u00edch, vodn\u00ed hospod\u00e1\u0159stv\u00ed r\u016fzn\u00fdch pr\u016fmyslov\u00fdch obor\u016f, p\u0159e\u010derp\u00e1vac\u00ed, cirkula\u010dn\u00ed a chlad\u00edc\u00ed stanice, zem\u011bd\u011blstv\u00ed &#8211; \u010derpac\u00ed stanice ve velkoplo\u0161n\u00fdch z\u00e1vlahov\u00fdch soustav\u00e1ch. Konstruk\u010dn\u00ed proveden\u00ed Konstrukce \u010derpadla QVD je horizont\u00e1ln\u011b d\u011blen\u00e1. T\u011bleso \u010derpadla, kter\u00e9 je d\u011blen\u00e9 v\u00a0rovin\u011b pod\u00e9ln\u00e9 osy &hellip;<\/p>\n<p class=\"read-more\"> <a class=\"\" href=\"https:\/\/www.wrmech.cz\/en\/hydrody-cerp-qvd\/\"> <span class=\"screen-reader-text\">Hydrodynamick\u00e1 \u010derpadla QVD<\/span> Read More &raquo;<\/a><\/p>","protected":false},"author":1,"featured_media":0,"parent":0,"menu_order":0,"comment_status":"closed","ping_status":"closed","template":"","meta":[],"folder":[30],"_links":{"self":[{"href":"https:\/\/www.wrmech.cz\/en\/wp-json\/wp\/v2\/pages\/2284"}],"collection":[{"href":"https:\/\/www.wrmech.cz\/en\/wp-json\/wp\/v2\/pages"}],"about":[{"href":"https:\/\/www.wrmech.cz\/en\/wp-json\/wp\/v2\/types\/page"}],"author":[{"embeddable":true,"href":"https:\/\/www.wrmech.cz\/en\/wp-json\/wp\/v2\/users\/1"}],"replies":[{"embeddable":true,"href":"https:\/\/www.wrmech.cz\/en\/wp-json\/wp\/v2\/comments?post=2284"}],"version-history":[{"count":10,"href":"https:\/\/www.wrmech.cz\/en\/wp-json\/wp\/v2\/pages\/2284\/revisions"}],"predecessor-version":[{"id":2295,"href":"https:\/\/www.wrmech.cz\/en\/wp-json\/wp\/v2\/pages\/2284\/revisions\/2295"}],"wp:attachment":[{"href":"https:\/\/www.wrmech.cz\/en\/wp-json\/wp\/v2\/media?parent=2284"}],"wp:term":[{"taxonomy":"folder","embeddable":true,"href":"https:\/\/www.wrmech.cz\/en\/wp-json\/wp\/v2\/folder?post=2284"}],"curies":[{"name":"wp","href":"https:\/\/api.w.org\/{rel}","templated":true}]}}