{"id":1806,"date":"2021-04-12T08:08:41","date_gmt":"2021-04-12T06:08:41","guid":{"rendered":"http:\/\/www.wrmech.cz\/?page_id=1806"},"modified":"2021-04-12T08:11:26","modified_gmt":"2021-04-12T06:11:26","slug":"ponor-cerpa-vice","status":"publish","type":"page","link":"https:\/\/www.wrmech.cz\/en\/ponor-cerpa-vice\/","title":{"rendered":"Ponorn\u00e1 \u010derpadla na odpadn\u00ed vodu"},"content":{"rendered":"<div data-elementor-type=\"wp-page\" data-elementor-id=\"1806\" class=\"elementor elementor-1806\" data-elementor-settings=\"[]\">\n\t\t\t\t\t\t\t<div class=\"elementor-section-wrap\">\n\t\t\t\t\t\t\t<section class=\"elementor-section elementor-top-section elementor-element elementor-element-5fa88b9 elementor-section-boxed elementor-section-height-default elementor-section-height-default\" data-id=\"5fa88b9\" data-element_type=\"section\">\n\t\t\t\t\t\t<div class=\"elementor-container elementor-column-gap-default\">\n\t\t\t\t\t<div class=\"elementor-column elementor-col-100 elementor-top-column elementor-element elementor-element-2f8affd\" data-id=\"2f8affd\" data-element_type=\"column\">\n\t\t\t<div class=\"elementor-widget-wrap elementor-element-populated\">\n\t\t\t\t\t\t\t\t<div class=\"elementor-element elementor-element-882ce9e elementor-widget elementor-widget-heading\" data-id=\"882ce9e\" data-element_type=\"widget\" data-widget_type=\"heading.default\">\n\t\t\t\t<div class=\"elementor-widget-container\">\n\t\t\t<h3 class=\"elementor-heading-title elementor-size-default\">Ponorn\u00e1 \u010derpadla na odpadn\u00ed vodu<\/h3>\t\t<\/div>\n\t\t\t\t<\/div>\n\t\t\t\t<div class=\"elementor-element elementor-element-d2c024e elementor-widget elementor-widget-image-gallery\" data-id=\"d2c024e\" data-element_type=\"widget\" data-widget_type=\"image-gallery.default\">\n\t\t\t\t<div class=\"elementor-widget-container\">\n\t\t\t\t\t<div class=\"elementor-image-gallery\">\n\t\t\t<div id='gallery-1' class='gallery galleryid-1806 gallery-columns-4 gallery-size-thumbnail'><figure class='gallery-item'>\n\t\t\t<div class='gallery-icon portrait'>\n\t\t\t\t<a data-elementor-open-lightbox=\"yes\" data-elementor-lightbox-slideshow=\"d2c024e\" data-elementor-lightbox-title=\"1\" href='https:\/\/www.wrmech.cz\/wp-content\/uploads\/2021\/04\/1.jpg'><img width=\"150\" height=\"150\" src=\"https:\/\/www.wrmech.cz\/wp-content\/uploads\/2021\/04\/1-150x150.jpg\" class=\"attachment-thumbnail size-thumbnail\" alt=\"\" loading=\"lazy\" \/><\/a>\n\t\t\t<\/div><\/figure><figure class='gallery-item'>\n\t\t\t<div class='gallery-icon portrait'>\n\t\t\t\t<a data-elementor-open-lightbox=\"yes\" data-elementor-lightbox-slideshow=\"d2c024e\" data-elementor-lightbox-title=\"2\" href='https:\/\/www.wrmech.cz\/wp-content\/uploads\/2021\/04\/2.jpg'><img width=\"150\" height=\"150\" src=\"https:\/\/www.wrmech.cz\/wp-content\/uploads\/2021\/04\/2-150x150.jpg\" class=\"attachment-thumbnail size-thumbnail\" alt=\"\" loading=\"lazy\" \/><\/a>\n\t\t\t<\/div><\/figure><figure class='gallery-item'>\n\t\t\t<div class='gallery-icon portrait'>\n\t\t\t\t<a data-elementor-open-lightbox=\"yes\" data-elementor-lightbox-slideshow=\"d2c024e\" data-elementor-lightbox-title=\"3\" href='https:\/\/www.wrmech.cz\/wp-content\/uploads\/2021\/04\/3.jpg'><img width=\"150\" height=\"150\" src=\"https:\/\/www.wrmech.cz\/wp-content\/uploads\/2021\/04\/3-150x150.jpg\" class=\"attachment-thumbnail size-thumbnail\" alt=\"\" loading=\"lazy\" \/><\/a>\n\t\t\t<\/div><\/figure><figure class='gallery-item'>\n\t\t\t<div class='gallery-icon portrait'>\n\t\t\t\t<a data-elementor-open-lightbox=\"yes\" data-elementor-lightbox-slideshow=\"d2c024e\" data-elementor-lightbox-title=\"4\" href='https:\/\/www.wrmech.cz\/wp-content\/uploads\/2021\/04\/4.jpg'><img width=\"150\" height=\"150\" src=\"https:\/\/www.wrmech.cz\/wp-content\/uploads\/2021\/04\/4-150x150.jpg\" class=\"attachment-thumbnail size-thumbnail\" alt=\"\" loading=\"lazy\" \/><\/a>\n\t\t\t<\/div><\/figure><figure class='gallery-item'>\n\t\t\t<div class='gallery-icon portrait'>\n\t\t\t\t<a data-elementor-open-lightbox=\"yes\" data-elementor-lightbox-slideshow=\"d2c024e\" data-elementor-lightbox-title=\"5\" href='https:\/\/www.wrmech.cz\/wp-content\/uploads\/2021\/04\/5.jpg'><img width=\"150\" height=\"150\" src=\"https:\/\/www.wrmech.cz\/wp-content\/uploads\/2021\/04\/5-150x150.jpg\" class=\"attachment-thumbnail size-thumbnail\" alt=\"\" loading=\"lazy\" \/><\/a>\n\t\t\t<\/div><\/figure><figure class='gallery-item'>\n\t\t\t<div class='gallery-icon portrait'>\n\t\t\t\t<a data-elementor-open-lightbox=\"yes\" data-elementor-lightbox-slideshow=\"d2c024e\" data-elementor-lightbox-title=\"6\" href='https:\/\/www.wrmech.cz\/wp-content\/uploads\/2021\/04\/6.jpg'><img width=\"150\" height=\"150\" src=\"https:\/\/www.wrmech.cz\/wp-content\/uploads\/2021\/04\/6-150x150.jpg\" class=\"attachment-thumbnail size-thumbnail\" alt=\"\" loading=\"lazy\" \/><\/a>\n\t\t\t<\/div><\/figure><figure class='gallery-item'>\n\t\t\t<div class='gallery-icon portrait'>\n\t\t\t\t<a data-elementor-open-lightbox=\"yes\" data-elementor-lightbox-slideshow=\"d2c024e\" data-elementor-lightbox-title=\"7\" href='https:\/\/www.wrmech.cz\/wp-content\/uploads\/2021\/04\/7.jpg'><img width=\"150\" height=\"150\" src=\"https:\/\/www.wrmech.cz\/wp-content\/uploads\/2021\/04\/7-150x150.jpg\" class=\"attachment-thumbnail size-thumbnail\" alt=\"\" loading=\"lazy\" \/><\/a>\n\t\t\t<\/div><\/figure><figure class='gallery-item'>\n\t\t\t<div class='gallery-icon portrait'>\n\t\t\t\t<a data-elementor-open-lightbox=\"yes\" data-elementor-lightbox-slideshow=\"d2c024e\" data-elementor-lightbox-title=\"8\" href='https:\/\/www.wrmech.cz\/wp-content\/uploads\/2021\/04\/8.jpg'><img width=\"150\" height=\"150\" src=\"https:\/\/www.wrmech.cz\/wp-content\/uploads\/2021\/04\/8-150x150.jpg\" class=\"attachment-thumbnail size-thumbnail\" alt=\"\" loading=\"lazy\" \/><\/a>\n\t\t\t<\/div><\/figure>\n\t\t<\/div>\n\t\t<\/div>\n\t\t\t\t<\/div>\n\t\t\t\t<\/div>\n\t\t\t\t\t<\/div>\n\t\t<\/div>\n\t\t\t\t\t\t\t<\/div>\n\t\t<\/section>\n\t\t\t\t<section class=\"elementor-section elementor-top-section elementor-element elementor-element-abb068d elementor-section-boxed elementor-section-height-default elementor-section-height-default\" data-id=\"abb068d\" data-element_type=\"section\">\n\t\t\t\t\t\t<div class=\"elementor-container elementor-column-gap-default\">\n\t\t\t\t\t\t\t\t<\/div>\n\t\t<\/section>\n\t\t\t\t\t\t<\/div>\n\t\t\t\t\t<\/div>","protected":false},"excerpt":{"rendered":"<p>Ponorn\u00e1 \u010derpadla na odpadn\u00ed vodu<\/p>","protected":false},"author":1,"featured_media":0,"parent":0,"menu_order":0,"comment_status":"closed","ping_status":"closed","template":"","meta":[],"folder":[],"_links":{"self":[{"href":"https:\/\/www.wrmech.cz\/en\/wp-json\/wp\/v2\/pages\/1806"}],"collection":[{"href":"https:\/\/www.wrmech.cz\/en\/wp-json\/wp\/v2\/pages"}],"about":[{"href":"https:\/\/www.wrmech.cz\/en\/wp-json\/wp\/v2\/types\/page"}],"author":[{"embeddable":true,"href":"https:\/\/www.wrmech.cz\/en\/wp-json\/wp\/v2\/users\/1"}],"replies":[{"embeddable":true,"href":"https:\/\/www.wrmech.cz\/en\/wp-json\/wp\/v2\/comments?post=1806"}],"version-history":[{"count":7,"href":"https:\/\/www.wrmech.cz\/en\/wp-json\/wp\/v2\/pages\/1806\/revisions"}],"predecessor-version":[{"id":1821,"href":"https:\/\/www.wrmech.cz\/en\/wp-json\/wp\/v2\/pages\/1806\/revisions\/1821"}],"wp:attachment":[{"href":"https:\/\/www.wrmech.cz\/en\/wp-json\/wp\/v2\/media?parent=1806"}],"wp:term":[{"taxonomy":"folder","embeddable":true,"href":"https:\/\/www.wrmech.cz\/en\/wp-json\/wp\/v2\/folder?post=1806"}],"curies":[{"name":"wp","href":"https:\/\/api.w.org\/{rel}","templated":true}]}}