{"id":1782,"date":"2021-04-12T08:03:35","date_gmt":"2021-04-12T06:03:35","guid":{"rendered":"http:\/\/www.wrmech.cz\/?page_id=1782"},"modified":"2021-04-25T11:55:08","modified_gmt":"2021-04-25T09:55:08","slug":"parni-hlavy-vice","status":"publish","type":"page","link":"https:\/\/www.wrmech.cz\/en\/parni-hlavy-vice\/","title":{"rendered":"Steam heads, rotary feeders and their repairs."},"content":{"rendered":"<div data-elementor-type=\"wp-page\" data-elementor-id=\"1782\" class=\"elementor elementor-1782\" data-elementor-settings=\"[]\">\n\t\t\t\t\t\t\t<div class=\"elementor-section-wrap\">\n\t\t\t\t\t\t\t<section class=\"elementor-section elementor-top-section elementor-element elementor-element-b5aa470 elementor-section-boxed elementor-section-height-default elementor-section-height-default\" data-id=\"b5aa470\" data-element_type=\"section\">\n\t\t\t\t\t\t<div class=\"elementor-container elementor-column-gap-default\">\n\t\t\t\t\t<div class=\"elementor-column elementor-col-100 elementor-top-column elementor-element elementor-element-ee82db6\" data-id=\"ee82db6\" data-element_type=\"column\">\n\t\t\t<div class=\"elementor-widget-wrap elementor-element-populated\">\n\t\t\t\t\t\t\t\t<div class=\"elementor-element elementor-element-bfbb08f elementor-widget elementor-widget-heading\" data-id=\"bfbb08f\" data-element_type=\"widget\" data-widget_type=\"heading.default\">\n\t\t\t\t<div class=\"elementor-widget-container\">\n\t\t\t<h3 class=\"elementor-heading-title elementor-size-default\">Steam heads, rotary feeders and their repairs.<\/h3>\t\t<\/div>\n\t\t\t\t<\/div>\n\t\t\t\t<div class=\"elementor-element elementor-element-93308f9 elementor-widget elementor-widget-text-editor\" data-id=\"93308f9\" data-element_type=\"widget\" data-widget_type=\"text-editor.default\">\n\t\t\t\t<div class=\"elementor-widget-container\">\n\t\t\t\t\t\t\t\t<p>Sealing element used for the supply of media (steam, liquids) to rotating devices.<\/p><ul><li>Steam and liquid supply.<\/li><li>Condensate supply and drainage.<\/li><\/ul>\t\t\t\t\t\t<\/div>\n\t\t\t\t<\/div>\n\t\t\t\t<div class=\"elementor-element elementor-element-6ef1b28 elementor-widget elementor-widget-image-gallery\" data-id=\"6ef1b28\" data-element_type=\"widget\" data-widget_type=\"image-gallery.default\">\n\t\t\t\t<div class=\"elementor-widget-container\">\n\t\t\t\t\t<div class=\"elementor-image-gallery\">\n\t\t\t<div id='gallery-1' class='gallery galleryid-1782 gallery-columns-4 gallery-size-thumbnail'><figure class='gallery-item'>\n\t\t\t<div class='gallery-icon landscape'>\n\t\t\t\t<a data-elementor-open-lightbox=\"yes\" data-elementor-lightbox-slideshow=\"6ef1b28\" data-elementor-lightbox-title=\"Parn\u00ed hlava Buzuluk2\" href='https:\/\/www.wrmech.cz\/wp-content\/uploads\/2021\/04\/Parni-hlava-Buzuluk2.jpg'><img width=\"150\" height=\"150\" src=\"https:\/\/www.wrmech.cz\/wp-content\/uploads\/2021\/04\/Parni-hlava-Buzuluk2-150x150.jpg\" class=\"attachment-thumbnail size-thumbnail\" alt=\"\" loading=\"lazy\" \/><\/a>\n\t\t\t<\/div><\/figure><figure class='gallery-item'>\n\t\t\t<div class='gallery-icon landscape'>\n\t\t\t\t<a data-elementor-open-lightbox=\"yes\" data-elementor-lightbox-slideshow=\"6ef1b28\" data-elementor-lightbox-title=\"OLYMPUS DIGITAL CAMERA\" href='https:\/\/www.wrmech.cz\/wp-content\/uploads\/2021\/04\/P6170248.jpg'><img width=\"150\" height=\"150\" src=\"https:\/\/www.wrmech.cz\/wp-content\/uploads\/2021\/04\/P6170248-150x150.jpg\" class=\"attachment-thumbnail size-thumbnail\" alt=\"\" loading=\"lazy\" \/><\/a>\n\t\t\t<\/div><\/figure><figure class='gallery-item'>\n\t\t\t<div class='gallery-icon portrait'>\n\t\t\t\t<a data-elementor-open-lightbox=\"yes\" data-elementor-lightbox-slideshow=\"6ef1b28\" data-elementor-lightbox-title=\"Parn\u00ed hlava Buzuluk p\u00f8ed opravou n\u00e1st\u00f8ikem\" href='https:\/\/www.wrmech.cz\/wp-content\/uploads\/2021\/04\/Parni-hlava-Buzuluk.jpg'><img width=\"150\" height=\"150\" src=\"https:\/\/www.wrmech.cz\/wp-content\/uploads\/2021\/04\/Parni-hlava-Buzuluk-150x150.jpg\" class=\"attachment-thumbnail size-thumbnail\" alt=\"\" loading=\"lazy\" \/><\/a>\n\t\t\t<\/div><\/figure><figure class='gallery-item'>\n\t\t\t<div class='gallery-icon portrait'>\n\t\t\t\t<a data-elementor-open-lightbox=\"yes\" data-elementor-lightbox-slideshow=\"6ef1b28\" data-elementor-lightbox-title=\"Parn\u00ed hlava Buzuluk p\u00f8ed opravou n\u00e1st\u00f8ikem\" href='https:\/\/www.wrmech.cz\/wp-content\/uploads\/2021\/04\/Parni-hlava-Buzuluk1.jpg'><img width=\"150\" height=\"150\" src=\"https:\/\/www.wrmech.cz\/wp-content\/uploads\/2021\/04\/Parni-hlava-Buzuluk1-150x150.jpg\" class=\"attachment-thumbnail size-thumbnail\" alt=\"\" loading=\"lazy\" \/><\/a>\n\t\t\t<\/div><\/figure><figure class='gallery-item'>\n\t\t\t<div class='gallery-icon landscape'>\n\t\t\t\t<a data-elementor-open-lightbox=\"yes\" data-elementor-lightbox-slideshow=\"6ef1b28\" data-elementor-lightbox-title=\"OLYMPUS DIGITAL CAMERA\" href='https:\/\/www.wrmech.cz\/wp-content\/uploads\/2021\/04\/P6170246.jpg'><img width=\"150\" height=\"150\" src=\"https:\/\/www.wrmech.cz\/wp-content\/uploads\/2021\/04\/P6170246-150x150.jpg\" class=\"attachment-thumbnail size-thumbnail\" alt=\"\" loading=\"lazy\" \/><\/a>\n\t\t\t<\/div><\/figure><figure class='gallery-item'>\n\t\t\t<div class='gallery-icon landscape'>\n\t\t\t\t<a data-elementor-open-lightbox=\"yes\" data-elementor-lightbox-slideshow=\"6ef1b28\" data-elementor-lightbox-title=\"OLYMPUS DIGITAL CAMERA\" href='https:\/\/www.wrmech.cz\/wp-content\/uploads\/2021\/04\/Rotacni-privadec1.jpg'><img width=\"150\" height=\"150\" src=\"https:\/\/www.wrmech.cz\/wp-content\/uploads\/2021\/04\/Rotacni-privadec1-150x150.jpg\" class=\"attachment-thumbnail size-thumbnail\" alt=\"\" loading=\"lazy\" \/><\/a>\n\t\t\t<\/div><\/figure><figure class='gallery-item'>\n\t\t\t<div class='gallery-icon landscape'>\n\t\t\t\t<a data-elementor-open-lightbox=\"yes\" data-elementor-lightbox-slideshow=\"6ef1b28\" data-elementor-lightbox-title=\"OLYMPUS DIGITAL CAMERA\" href='https:\/\/www.wrmech.cz\/wp-content\/uploads\/2021\/04\/Rotacni-privadec2.jpg'><img width=\"150\" height=\"150\" src=\"https:\/\/www.wrmech.cz\/wp-content\/uploads\/2021\/04\/Rotacni-privadec2-150x150.jpg\" class=\"attachment-thumbnail size-thumbnail\" alt=\"\" loading=\"lazy\" \/><\/a>\n\t\t\t<\/div><\/figure><figure class='gallery-item'>\n\t\t\t<div class='gallery-icon landscape'>\n\t\t\t\t<a data-elementor-open-lightbox=\"yes\" data-elementor-lightbox-slideshow=\"6ef1b28\" data-elementor-lightbox-title=\"OLYMPUS DIGITAL CAMERA\" href='https:\/\/www.wrmech.cz\/wp-content\/uploads\/2021\/04\/PA100610-1.jpg'><img width=\"150\" height=\"150\" src=\"https:\/\/www.wrmech.cz\/wp-content\/uploads\/2021\/04\/PA100610-1-150x150.jpg\" class=\"attachment-thumbnail size-thumbnail\" alt=\"\" loading=\"lazy\" \/><\/a>\n\t\t\t<\/div><\/figure><figure class='gallery-item'>\n\t\t\t<div class='gallery-icon landscape'>\n\t\t\t\t<a data-elementor-open-lightbox=\"yes\" data-elementor-lightbox-slideshow=\"6ef1b28\" data-elementor-lightbox-title=\"OLYMPUS DIGITAL CAMERA\" href='https:\/\/www.wrmech.cz\/wp-content\/uploads\/2021\/04\/PA100612.jpg'><img width=\"150\" height=\"150\" src=\"https:\/\/www.wrmech.cz\/wp-content\/uploads\/2021\/04\/PA100612-150x150.jpg\" class=\"attachment-thumbnail size-thumbnail\" alt=\"\" loading=\"lazy\" \/><\/a>\n\t\t\t<\/div><\/figure><figure class='gallery-item'>\n\t\t\t<div class='gallery-icon landscape'>\n\t\t\t\t<a data-elementor-open-lightbox=\"yes\" data-elementor-lightbox-slideshow=\"6ef1b28\" data-elementor-lightbox-title=\"OLYMPUS DIGITAL CAMERA\" href='https:\/\/www.wrmech.cz\/wp-content\/uploads\/2021\/04\/PA100613.jpg'><img width=\"150\" height=\"150\" src=\"https:\/\/www.wrmech.cz\/wp-content\/uploads\/2021\/04\/PA100613-150x150.jpg\" class=\"attachment-thumbnail size-thumbnail\" alt=\"\" loading=\"lazy\" \/><\/a>\n\t\t\t<\/div><\/figure><figure class='gallery-item'>\n\t\t\t<div class='gallery-icon landscape'>\n\t\t\t\t<a data-elementor-open-lightbox=\"yes\" data-elementor-lightbox-slideshow=\"6ef1b28\" data-elementor-lightbox-title=\"OLYMPUS DIGITAL CAMERA\" href='https:\/\/www.wrmech.cz\/wp-content\/uploads\/2021\/04\/PA100614.jpg'><img width=\"150\" height=\"150\" src=\"https:\/\/www.wrmech.cz\/wp-content\/uploads\/2021\/04\/PA100614-150x150.jpg\" class=\"attachment-thumbnail size-thumbnail\" alt=\"\" loading=\"lazy\" \/><\/a>\n\t\t\t<\/div><\/figure>\n\t\t<\/div>\n\t\t<\/div>\n\t\t\t\t<\/div>\n\t\t\t\t<\/div>\n\t\t\t\t\t<\/div>\n\t\t<\/div>\n\t\t\t\t\t\t\t<\/div>\n\t\t<\/section>\n\t\t\t\t\t\t<\/div>\n\t\t\t\t\t<\/div>","protected":false},"excerpt":{"rendered":"<p>Parn\u00ed hlavy, rota\u010dn\u00ed p\u0159ivad\u011b\u010de a jejich opravy T\u011bsn\u00edc\u00ed prvek slou\u017e\u00edc\u00ed pro p\u0159\u00edvod media (p\u00e1ra, kapaliny) do rotuj\u00edc\u00edch za\u0159\u00edzen\u00ed. P\u0159\u00edvod p\u00e1ry, nebo kapaliny. P\u0159\u00edvod a odvod kondenz\u00e1tu.<\/p>","protected":false},"author":1,"featured_media":0,"parent":0,"menu_order":0,"comment_status":"closed","ping_status":"closed","template":"","meta":[],"folder":[],"_links":{"self":[{"href":"https:\/\/www.wrmech.cz\/en\/wp-json\/wp\/v2\/pages\/1782"}],"collection":[{"href":"https:\/\/www.wrmech.cz\/en\/wp-json\/wp\/v2\/pages"}],"about":[{"href":"https:\/\/www.wrmech.cz\/en\/wp-json\/wp\/v2\/types\/page"}],"author":[{"embeddable":true,"href":"https:\/\/www.wrmech.cz\/en\/wp-json\/wp\/v2\/users\/1"}],"replies":[{"embeddable":true,"href":"https:\/\/www.wrmech.cz\/en\/wp-json\/wp\/v2\/comments?post=1782"}],"version-history":[{"count":13,"href":"https:\/\/www.wrmech.cz\/en\/wp-json\/wp\/v2\/pages\/1782\/revisions"}],"predecessor-version":[{"id":2570,"href":"https:\/\/www.wrmech.cz\/en\/wp-json\/wp\/v2\/pages\/1782\/revisions\/2570"}],"wp:attachment":[{"href":"https:\/\/www.wrmech.cz\/en\/wp-json\/wp\/v2\/media?parent=1782"}],"wp:term":[{"taxonomy":"folder","embeddable":true,"href":"https:\/\/www.wrmech.cz\/en\/wp-json\/wp\/v2\/folder?post=1782"}],"curies":[{"name":"wp","href":"https:\/\/api.w.org\/{rel}","templated":true}]}}