{"id":1752,"date":"2021-04-12T07:58:23","date_gmt":"2021-04-12T05:58:23","guid":{"rendered":"http:\/\/www.wrmech.cz\/?page_id=1752"},"modified":"2021-04-12T07:59:50","modified_gmt":"2021-04-12T05:59:50","slug":"vyprac-tech-navrh","status":"publish","type":"page","link":"https:\/\/www.wrmech.cz\/en\/vyprac-tech-navrh\/","title":{"rendered":"Vypracov\u00e1n\u00ed technick\u00fdch n\u00e1vrh\u016f a konstruk\u010dn\u00edch \u0159e\u0161en\u00ed stroj\u016f a za\u0159\u00edzen\u00ed"},"content":{"rendered":"<div data-elementor-type=\"wp-page\" data-elementor-id=\"1752\" class=\"elementor elementor-1752\" data-elementor-settings=\"[]\">\n\t\t\t\t\t\t\t<div class=\"elementor-section-wrap\">\n\t\t\t\t\t\t\t<section class=\"elementor-section elementor-top-section elementor-element elementor-element-f31fb06 elementor-section-boxed elementor-section-height-default elementor-section-height-default\" data-id=\"f31fb06\" data-element_type=\"section\">\n\t\t\t\t\t\t<div class=\"elementor-container elementor-column-gap-default\">\n\t\t\t\t\t<div class=\"elementor-column elementor-col-100 elementor-top-column elementor-element elementor-element-04cda77\" data-id=\"04cda77\" data-element_type=\"column\">\n\t\t\t<div class=\"elementor-widget-wrap elementor-element-populated\">\n\t\t\t\t\t\t\t\t<div class=\"elementor-element elementor-element-c30af77 elementor-widget elementor-widget-heading\" data-id=\"c30af77\" data-element_type=\"widget\" data-widget_type=\"heading.default\">\n\t\t\t\t<div class=\"elementor-widget-container\">\n\t\t\t<h3 class=\"elementor-heading-title elementor-size-default\">Vypracov\u00e1n\u00ed technick\u00fdch n\u00e1vrh\u016f a konstruk\u010dn\u00edch <br>\u0159e\u0161en\u00ed stroj\u016f a za\u0159\u00edzen\u00ed<\/h3>\t\t<\/div>\n\t\t\t\t<\/div>\n\t\t\t\t<div class=\"elementor-element elementor-element-2485ae5 elementor-widget elementor-widget-text-editor\" data-id=\"2485ae5\" data-element_type=\"widget\" data-widget_type=\"text-editor.default\">\n\t\t\t\t<div class=\"elementor-widget-container\">\n\t\t\t\t\t\t\t\t<p>Vypracov\u00e1n\u00ed technick\u00fdch n\u00e1vrh\u016f a konstruk\u010dn\u00edch \u0159e\u0161en\u00ed stroj\u016f a za\u0159\u00edzen\u00ed, t\u011bsn\u00edc\u00edch syst\u00e9m\u016f, mechanick\u00fdch ucp\u00e1vek na \u010derpadla, rota\u010dn\u00edch p\u0159ivad\u011b\u010d\u016f a ventil\u016f.<\/p>\t\t\t\t\t\t<\/div>\n\t\t\t\t<\/div>\n\t\t\t\t\t<\/div>\n\t\t<\/div>\n\t\t\t\t\t\t\t<\/div>\n\t\t<\/section>\n\t\t\t\t\t\t<\/div>\n\t\t\t\t\t<\/div>","protected":false},"excerpt":{"rendered":"<p>Vypracov\u00e1n\u00ed technick\u00fdch n\u00e1vrh\u016f a konstruk\u010dn\u00edch \u0159e\u0161en\u00ed stroj\u016f a za\u0159\u00edzen\u00ed Vypracov\u00e1n\u00ed technick\u00fdch n\u00e1vrh\u016f a konstruk\u010dn\u00edch \u0159e\u0161en\u00ed stroj\u016f a za\u0159\u00edzen\u00ed, t\u011bsn\u00edc\u00edch syst\u00e9m\u016f, mechanick\u00fdch ucp\u00e1vek na \u010derpadla, rota\u010dn\u00edch p\u0159ivad\u011b\u010d\u016f a ventil\u016f.<\/p>","protected":false},"author":1,"featured_media":0,"parent":0,"menu_order":0,"comment_status":"closed","ping_status":"closed","template":"","meta":[],"folder":[],"_links":{"self":[{"href":"https:\/\/www.wrmech.cz\/en\/wp-json\/wp\/v2\/pages\/1752"}],"collection":[{"href":"https:\/\/www.wrmech.cz\/en\/wp-json\/wp\/v2\/pages"}],"about":[{"href":"https:\/\/www.wrmech.cz\/en\/wp-json\/wp\/v2\/types\/page"}],"author":[{"embeddable":true,"href":"https:\/\/www.wrmech.cz\/en\/wp-json\/wp\/v2\/users\/1"}],"replies":[{"embeddable":true,"href":"https:\/\/www.wrmech.cz\/en\/wp-json\/wp\/v2\/comments?post=1752"}],"version-history":[{"count":8,"href":"https:\/\/www.wrmech.cz\/en\/wp-json\/wp\/v2\/pages\/1752\/revisions"}],"predecessor-version":[{"id":2452,"href":"https:\/\/www.wrmech.cz\/en\/wp-json\/wp\/v2\/pages\/1752\/revisions\/2452"}],"wp:attachment":[{"href":"https:\/\/www.wrmech.cz\/en\/wp-json\/wp\/v2\/media?parent=1752"}],"wp:term":[{"taxonomy":"folder","embeddable":true,"href":"https:\/\/www.wrmech.cz\/en\/wp-json\/wp\/v2\/folder?post=1752"}],"curies":[{"name":"wp","href":"https:\/\/api.w.org\/{rel}","templated":true}]}}